{"id":624,"date":"2015-07-07T10:34:36","date_gmt":"2015-07-07T08:34:36","guid":{"rendered":"http:\/\/www.snnu.uni-saarland.de\/?page_id=624"},"modified":"2025-11-27T16:26:23","modified_gmt":"2025-11-27T14:26:23","slug":"recent-projects","status":"publish","type":"page","link":"https:\/\/www.snnu.uni-saarland.de\/?page_id=624","title":{"rendered":"Recent Projects"},"content":{"rendered":"<h1><a href=\"https:\/\/www.snnu.uni-saarland.de\/?page_id=1597\">Grant notices<\/a><\/h1>\n<table style=\"width: 100%;\">\n<tbody>\n<tr>\n<td style=\"width: 22.5%; vertical-align: middle;\"><img decoding=\"async\" src=\"https:\/\/www.snnu.uni-saarland.de\/wp-content\/uploads\/2025\/11\/BMFTR.png\" width=\"100%\"><\/td>\n<td style=\"vertical-align: middle;\"><b>BMFTR-13HAW02PX4:<\/b><br \/>\n<i>&#8220;BIOSONIC-EARS: Ein &#8216;Neuronales Fossil&#8217; als direkte neuromuskul\u00e4re Schnittstelle zwischen Gehirn und H\u00f6rtechnologie&#8221;<\/i><br \/>\n2026-2029<br \/>\nCoordinator: Prof. Strauss<\/td>\n<\/tr>\n<\/tbody>\n<\/table>\n<table style=\"width: 100%;\">\n<tbody>\n<tr>\n<td style=\"width: 22.5%; vertical-align: middle;\"><img decoding=\"async\" src=\"https:\/\/www.snnu.uni-saarland.de\/wp-content\/uploads\/2015\/07\/BMBF.png\" width=\"78%\"><\/td>\n<td style=\"vertical-align: middle;\"><b>BMBF-FZ13N17308:<\/b><br \/>\n<i>&#8220;Verbundprojekt: Integriertes neurotechnologisches Kamerasystem zum kontaktlosen Screening von virusbedingten Atemwegserkrankungen (VI-Screen-PRO)&#8221;<\/i><br \/>\n2025-2027<br \/>\nCoordinator Neurotechnology: Prof. Strauss<\/td>\n<\/tr>\n<\/tbody>\n<\/table>\n<table style=\"width: 100%;\">\n<tbody>\n<tr>\n<td style=\"width: 22.5%; vertical-align: middle;\"><img decoding=\"async\" src=\"https:\/\/www.snnu.uni-saarland.de\/wp-content\/uploads\/2015\/07\/BMBF.png\" width=\"78%\"><\/td>\n<td style=\"vertical-align: middle;\"><b>BMBF-FZ03WIR5611A:<\/b><br \/>\n<i>&#8220;COGNIPANION: Neurotechnologisches Gesundheitsmonitoring im Reallabor &#8220;Hochautomatisiertes Fahrzeug&#8221;&#8221;<\/i><br \/>\n2024-2026<br \/>\nCoordinator: Prof. Strauss<\/td>\n<\/tr>\n<\/tbody>\n<\/table>\n<table style=\"width: 100%;\">\n<tbody>\n<tr>\n<td style=\"width: 22.5%; vertical-align: middle;\"><img decoding=\"async\" src=\"https:\/\/www.snnu.uni-saarland.de\/wp-content\/uploads\/2015\/07\/BMBF.png\" width=\"78%\"><\/td>\n<td style=\"vertical-align: middle;\"><b>BMBF-FZ13FH050KX1:<\/b><br \/>\n<i>&#8220;DEEP IMMERSION LAB SAAR: Neurotechnologische Plattform f\u00fcr eine neurokognitiv-affektive Optimierung des H\u00f6rerlebens in multisensorisch gemischten Realit\u00e4ten&#8221;<\/i><br \/>\n2023-2026<br \/>\nCoordinator: Prof. Strauss<\/td>\n<\/tr>\n<\/tbody>\n<\/table>\n<table style=\"width: 100%;\">\n<tbody>\n<tr>\n<td style=\"width: 22.5%; vertical-align: middle;\"><img decoding=\"async\" src=\"https:\/\/www.snnu.uni-saarland.de\/wp-content\/uploads\/2015\/07\/BMBF.png\" width=\"78%\"><\/td>\n<td style=\"vertical-align: middle;\"><b>BMBF-FZ03VP10843:<\/b><br \/>\n<i>&#8220;Verbundprojekt: FeelScreen: Leistungsstarke PMUTs f\u00fcr haptische Displays&#8221;<\/i><br \/>\n2023-2026<br \/>\nCoordinator Neurotechnology: Prof. Strauss<\/td>\n<\/tr>\n<\/tbody>\n<\/table>\n<table style=\"width: 100%;\">\n<tbody>\n<tr>\n<td rowspan=\"2\" style=\"width: 22.5%; vertical-align: middle; text-align: center;\"><img decoding=\"async\" src=\"https:\/\/www.snnu.uni-saarland.de\/wp-content\/uploads\/2015\/07\/EFRE.jpg\" width=\"78%\"><img decoding=\"async\" src=\"https:\/\/www.snnu.uni-saarland.de\/wp-content\/uploads\/2015\/07\/Staatskanlei.jpg\" width=\"78%\"><\/td>\n<td style=\"vertical-align: middle; text-align: justify;\"><b>EU\/EFRE\/Saarland:<\/b><br \/>\n<i>&#8220;Verbundprojekt: CDNS: Center for Digital Neurotechnologies Saar&#8221;<\/i><br \/>\n2022-2026<br \/>\nCoordinator Neurotechnology: Prof. Strauss<\/td>\n<\/tr>\n<tr>\n<td style=\"vertical-align: middle; text-align: justify;\">\nDie Neurotechnologie im Saarland ist ein international sichtbares Forschungsfeld, das gemeinsam von der Universit\u00e4t des Saarlandes (UdS) und der Hochschule f\u00fcr Technik und Wirtschaft des Saarlandes (htw saar) aufgebaut wurde. Mit dem Center for Digital Neurotechnologies Saar (CDNS) wird die Forschung in Bereichen wie Neuro-X, Digitalisierung und klinischer Medizin geb\u00fcndelt und international kompetitiv ausgebaut. Schwerpunkte liegen auf Neuroergonomie in der Chirurgie, Neonatologie und Orthop\u00e4die sowie dem Aufbau einer Neuro-X Plattform f\u00fcr maschinelles Lernen auf medizinischen Daten, u.a. f\u00fcr die Pr\u00e4ventivmedizin und proaktive Gesundheitsvorsorge. Durch die Integration des Zentrums f\u00fcr Mechatronik gem. GmbH (ZeMA) wird zudem die Mensch-Maschine-Interaktion im Kontext von Industrie 4.0 gest\u00e4rkt. Die enge Kooperation von UdS, htw saar und ZeMA erm\u00f6glicht die optimale Nutzung von Querschnittstechnologien und die Erschlie\u00dfung neuer Anwendungs- und Forschungsthemen im Saarland. Internationale Partner aus Wissenschaft und Industrie unterst\u00fctzen aktiv die wissenschaftlichen Ziele des CDNS.<\/p>\n<p>Dieses Projekt wird gef\u00f6rdert aus Mitteln des Europ\u00e4ischen Fonds f\u00fcr regionale Entwicklung.<\/td>\n<\/td>\n<\/tr>\n<\/tbody>\n<\/table>\n<table style=\"width: 100%;\">\n<tbody>\n<tr>\n<td style=\"width: 22.5%; vertical-align: middle;\"><img decoding=\"async\" src=\"https:\/\/www.snnu.uni-saarland.de\/wp-content\/uploads\/2015\/07\/BMBF.png\" width=\"78%\"><\/td>\n<td style=\"vertical-align: middle;\"><b>BMBF-FZ16SV9059:<\/b><br \/>\n<i>&#8220;Verbundprojekt: DIGITAL SCRUBS: Interpersonelles und multimodales Aufmerksamkeitsassistenzsystem zur kontextsensitiven, neuroergonomischen Mensch-Maschine-Interaktion in vernetzten Operationss\u00e4len&#8221;<\/i><br \/>\n2022-2025<br \/>\nCoordinator: Prof. Strauss<\/td>\n<\/tr>\n<\/tbody>\n<\/table>\n<table style=\"width: 100%;\">\n<tbody>\n<tr>\n<td style=\"width: 22.5%; vertical-align: middle; text-align: center;\"><img decoding=\"async\" src=\"https:\/\/www.snnu.uni-saarland.de\/wp-content\/uploads\/2023\/07\/ME_Saar_Logo.jpg\" width=\"78%\"><\/td>\n<td style=\"vertical-align: middle;\"><b>Metall- und Elektroindustrie Saar:<\/b><br \/>\n<i>&#8220;Testfeld Digitalisierung: Modellfabrik f\u00fcr Lehre, Forschung und Entwicklung&#8221;<\/i><br \/>\n2022-2027<br \/>\nCoordinator Neurotechnology: Prof. Strauss<\/td>\n<\/tr>\n<\/tbody>\n<\/table>\n<table style=\"width: 100%;\">\n<tbody>\n<tr>\n<td rowspan=\"2\" style=\"width: 22.5%; vertical-align: middle; text-align: center;\"><img decoding=\"async\" src=\"https:\/\/www.snnu.uni-saarland.de\/wp-content\/uploads\/2015\/07\/EFRE.jpg\" width=\"78%\"><img decoding=\"async\" src=\"https:\/\/www.snnu.uni-saarland.de\/wp-content\/uploads\/2023\/07\/Saar_Logo_MWIDE.jpg\" width=\"78%\"><\/td>\n<td style=\"vertical-align: middle; text-align: justify;\"><b>EU\/EFRE\/Saarland:<\/b><br \/>\n<i>&#8220;Verbundprojekt: Multi-Immerse: Menschliche N\u00e4he durch die multisensorische Optimierung immersiver, virtueller Besuche zur Therapieunterst\u00fctzung bei schwer erkrankten Kindern und Jugendlichen in den Kinderkliniken des UKS&#8221;<\/i><br \/>\n2022-2025<br \/>\nCoordinator Neurotechnology: Prof. Strauss<\/td>\n<\/tr>\n<tr>\n<td style=\"vertical-align: middle; text-align: justify;\">\n\u00dcber das Zentrum f\u00fcr Mechatronik und Automatisierungstechnik (ZeMA)  und das Center for Digital Neurotechnologies Saar (CDNS) soll schwer erkrankten Kindern an den Universit\u00e4tskliniken Homburg, denen der direkte Kontakt zu Angeh\u00f6rigen zum Infektionsschutz untersagt ist, k\u00fcnftig erm\u00f6glicht werden, ihre Eltern oder Bezugspersonen in virtuellen, realit\u00e4tsnahen Welten zu treffen. W\u00e4hrend Angeh\u00f6rige im Ronald-McDonald-Haus auf dem Klinikgel\u00e4nde einen speziell ausgestatteten Raum nutzen, bleiben die Kinder in ihrem gesch\u00fctzten Klinikbereich. Immersive Technologien, die die Sinnesmodalit\u00e4ten Sehen, H\u00f6ren und F\u00fchlen einbeziehen, sollen dabei ein m\u00f6glichst emotional intensives Erlebnis schaffen. Die neurotechnologisch optimierten Systeme sollen N\u00e4he trotz Isolation erm\u00f6glichen \u2013 ohne den Therapieerfolg zu gef\u00e4hrden.<\/p>\n<p>Dieses Projekt wird gef\u00f6rdert aus Mitteln des Europ\u00e4ischen Fonds f\u00fcr regionale Entwicklung.<\/td>\n<\/td>\n<\/tr>\n<\/tbody>\n<\/table>\n<table style=\"width: 100%;\">\n<tbody>\n<tr>\n<td style=\"width: 22.5%; vertical-align: middle;\"><img decoding=\"async\" src=\"https:\/\/www.snnu.uni-saarland.de\/wp-content\/uploads\/2015\/07\/BMBF.png\" width=\"78%\"><\/td>\n<td style=\"vertical-align: middle;\"><b>BMBF-FZ13FH169KX0:<\/b><br \/>\n<i>&#8220;KINESYMBIOSIS: Integrierte neurotechnologische Architektur zur kontaktlosen Erfassung und Kompensation von Kinetose in selbstfahrenden Fahrzeugen&#8221;<\/i><br \/>\n2022-2026<br \/>\nCoordinator: Prof. Strauss<\/td>\n<\/tr>\n<\/tbody>\n<\/table>\n<table style=\"width: 100%;\">\n<tbody>\n<tr>\n<td style=\"width: 22.5%; vertical-align: middle;\"><img decoding=\"async\" src=\"https:\/\/www.snnu.uni-saarland.de\/wp-content\/uploads\/2015\/07\/BMBF.png\" width=\"78%\"><\/td>\n<td style=\"vertical-align: middle;\"><b>BMBF-FZ 13N15753:<\/b><br \/>\n<i>&#8220;Verbundprojekt VI-Screen: Integrierte neurotechnologische Architektur zum kontaktlosen Screening von virusbedingten Atemwegserkrankungen&#8221;<\/i><br \/>\n2021-2023<br \/>\nCoordinator: Prof. Strauss<\/td>\n<\/tr>\n<\/tbody>\n<\/table>\n<table style=\"width: 100%;\">\n<tbody>\n<tr>\n<td style=\"width: 22.5%; vertical-align: middle;\"><img decoding=\"async\" src=\"https:\/\/www.snnu.uni-saarland.de\/wp-content\/uploads\/2015\/07\/BMBF.png\" width=\"78%\"><\/td>\n<td style=\"vertical-align: middle;\"><b>BMBF-FZ 13FH737IX6:<\/b><br \/>\n<i>&#8220;ASSISTED MIND: Ein multimodales, psychophysiologisches Interface f\u00fcr eine kontextadaptive, neuroergonomische Mensch-Fahrzeug-Interaktion&#8221;<\/i><br \/>\n2018-2022<br \/>\nCoordinator: Prof. Strauss<\/td>\n<\/tr>\n<\/tbody>\n<\/table>\n<table style=\"width: 100%;\">\n<tbody>\n<tr>\n<td style=\"width: 22.5%; vertical-align: middle;\"><img decoding=\"async\" src=\"https:\/\/www.snnu.uni-saarland.de\/wp-content\/uploads\/2015\/07\/BMVI.png\" width=\"78%\"><\/td>\n<td style=\"vertical-align: middle;\"><b>BMVI-FZ 16AVF2129B:<\/b><br \/>\n<i>&#8220;Verbundprojekt: Kooperatives, automatisiertes Fahren im neurokognitiven Testfeld Saarland (kantSaar)&#8221;<\/i><br \/>\n2018-2021<br \/>\nCoordinator Neurotechnology: Prof. Strauss, Coordinator Traffic Telematics: Prof. Wieker<\/td>\n<\/tr>\n<\/tbody>\n<\/table>\n<table style=\"width: 100%;\">\n<tbody>\n<tr>\n<td style=\"width: 22.5%; vertical-align: middle;\"><img decoding=\"async\" src=\"https:\/\/www.snnu.uni-saarland.de\/wp-content\/uploads\/2015\/07\/BMBF.png\" width=\"78%\"><\/td>\n<td style=\"vertical-align: middle;\"><b>BMBF-FZ 13FH091PX6:<\/b><br \/>\n<i>&#8220;PRESERVE HEARING: Neuroprothetische Forschungs- und Entwicklungsplattform f\u00fcr eine atraumatische, das Resth\u00f6ren erhaltende Cochlea-Implantat-Versorgung&#8221;<\/i><br \/>\n2018-2021<br \/>\nCoordinator: Prof. Strauss<\/td>\n<\/tr>\n<\/tbody>\n<\/table>\n<table style=\"width: 100%;\">\n<tbody>\n<tr>\n<td style=\"width: 22.5%; vertical-align: middle;\"><img decoding=\"async\" style=\"margin: 0px 30px;\" src=\"https:\/\/www.snnu.uni-saarland.de\/wp-content\/uploads\/2015\/07\/TUEV.png\" width=\"60%\"><\/td>\n<td style=\"vertical-align: middle;\"><b>T\u00dcV SAARLAND STIFTUNG:<\/b><br \/>\n<i>&#8220;MIND2ROBOT: Qualit\u00e4t und Sicherheit durch bidirektionale Antizipation in der neuroergonomischen Mensch-Maschine-Kollaboration&#8221;<\/i><br \/>\n2018-2019<\/td>\n<\/tr>\n<\/tbody>\n<\/table>\n<table style=\"width: 100%;\">\n<tbody>\n<tr>\n<td style=\"width: 22.5%; vertical-align: middle;\"><img decoding=\"async\" src=\"https:\/\/www.snnu.uni-saarland.de\/wp-content\/uploads\/2015\/07\/BMBF.png\" width=\"78%\"><\/td>\n<td style=\"vertical-align: middle;\"><b>BMBF-FZ 13FH071IN6:<\/b><br \/>\n<i>&#8220;MIND2CAR: Forschungsplattform f\u00fcr neuroergonomische und neurokybernetische Konzepte in der vernetzten Mensch-Fahrzeug-Interaktion&#8221;<\/i><br \/>\n2017-2019<br \/>\nCoordinator: Prof. Strauss<\/td>\n<\/tr>\n<\/tbody>\n<\/table>\n<table style=\"width: 100%;\">\n<tbody>\n<tr>\n<td rowspan=\"2\" style=\"width: 22.5%; vertical-align: middle; text-align: center;\"><img decoding=\"async\" src=\"https:\/\/www.snnu.uni-saarland.de\/wp-content\/uploads\/2015\/07\/EFRE.jpg\" width=\"78%\"><img decoding=\"async\" src=\"https:\/\/www.snnu.uni-saarland.de\/wp-content\/uploads\/2015\/07\/Staatskanlei.jpg\" width=\"78%\"><\/td>\n<td style=\"vertical-align: middle; text-align: justify;\"><b>EFRE : <\/b><br \/><i>&#8220;NEUROERGONOMIC DIGITAL FACTORY SAAR: Forschungs- und Entwicklungsplattform f\u00fcr eine menschzentrierte, neuroergonomische Mensch\u2013Maschine\u2013Kollaboration in der hochdigitalisierten Produktion&#8221;<\/i><br \/>\n2017-2020<br \/>\nCoordinator Neurotechnology: Prof. Strauss, Coordinator Collaborative Robotics: Prof. Lehser<\/td>\n<\/tr>\n<tr>\n<td style=\"vertical-align: middle; text-align: justify;\">Das Ziel des Projektes ist die Realisierung einer Forschungs- und Entwicklungsplattform f\u00fcr eine menschzentrierte, neuroergonomische Mensch-Maschine-Kollaboration in der hochdigitalisierten Produktion. Das Projekt nutzt neurowissenschaftlich fundierte Ans\u00e4tze und k\u00fcrzlich entwickelte Methoden des mobilen psychophysiologischen Human- monitoring um Arbeitspl\u00e4tze in der digitalisierten Produktion zu erforschen bzw. um neue Kollaborationssysteme und -strategien zu entwickeln. Die im Rahmen des Projektes zu erforschenden Nutzungs- und Anwendungsszenarien orientieren sich an den Anforderungen von drei kleinen und mittleren Unternehmen im Saarland, welche als assoziierte Partner das Projekt begleiten.<\/p>\n<p>Dieses Projekt wird gef\u00f6rdert aus Mitteln des Europ\u00e4ischen Fonds f\u00fcr regionale Entwicklung.<\/td>\n<\/tr>\n<\/tbody>\n<\/table>\n<table style=\"width: 100%;\">\n<tbody>\n<tr>\n<td style=\"width: 22.5%; vertical-align: middle;\"><img decoding=\"async\" src=\"https:\/\/www.snnu.uni-saarland.de\/wp-content\/uploads\/2015\/07\/BMBF.png\" width=\"78%\"><\/td>\n<td style=\"vertical-align: middle;\"><b>BMBF-FZ 03FH016PX5:<\/b><br \/>\n<i>&#8220;BIMODAL FUSION: Eine neurotechnologische Optimierungsarchitektur f\u00fcr integrierte bimodale H\u00f6rsysteme&#8221;<\/i><br \/>\n2016-2019<br \/>\nCoordinator: Prof. Strauss<\/td>\n<\/tr>\n<\/tbody>\n<\/table>\n<table style=\"width: 100%;\">\n<tbody>\n<tr>\n<td style=\"width: 22.5%; vertical-align: middle;\"><img decoding=\"async\" src=\"https:\/\/www.snnu.uni-saarland.de\/wp-content\/uploads\/2015\/07\/INM.png\" width=\"78%\"><\/td>\n<td style=\"vertical-align: middle;\"><b>Leibniz-INM Fellowship<\/b><br \/>\n<i>&#8220;TRIBOBRAIN: Neurokognitive Optimierung von haptischen Mensch-Maschine-Schnittstellen&#8221;<\/i><br \/>\n2015-2017<br \/>\nFellowship to Prof. Strauss<\/td>\n<\/tr>\n<\/tbody>\n<\/table>\n<table style=\"width: 100%;\">\n<tbody>\n<tr>\n<td style=\"width: 22.5%; vertical-align: middle;\"><img decoding=\"async\" src=\"https:\/\/www.snnu.uni-saarland.de\/wp-content\/uploads\/2015\/07\/BMBF.png\" width=\"78%\"><\/td>\n<td style=\"vertical-align: middle;\"><b>BMBF-FZ 03FH004IX5:<\/b><br \/>\n<i>&#8220;ATTENTIONAL MICROPHONE: Eine aufmerksamkeitskontrollierte Gehirn-Mikrofon-Schnittstelle als Entwicklungsplattform f\u00fcr neurokybernetische H\u00f6rsysteme&#8221;<\/i><br \/>\n2015-2019<br \/>\nCoordinator: Prof. Strauss<\/td>\n<\/tr>\n<\/tbody>\n<\/table>\n<table style=\"width: 100%;\">\n<tbody>\n<tr>\n<td style=\"width: 22.5%; vertical-align: middle;\"><img decoding=\"async\" src=\"https:\/\/www.snnu.uni-saarland.de\/wp-content\/uploads\/2015\/07\/ZIM.png\" width=\"78%\"><\/td>\n<td style=\"vertical-align: middle;\"><b>BMWi-FZ KF2013118AK4:<\/b><br \/>\n<i>&#8220;NEUROTINNITUS: Entwicklung eines neurodiagnostischen Ger\u00e4tesystems zur Objektivierung der Tinnitusdiagnostik&#8221;<\/i><br \/>\n2014-2017<br \/>\nCoordinator: Prof. Strauss<\/td>\n<\/tr>\n<\/tbody>\n<\/table>\n<table style=\"width: 100%;\">\n<tbody>\n<tr>\n<td style=\"width: 22.5%; vertical-align: middle;\"><img decoding=\"async\" src=\"https:\/\/www.snnu.uni-saarland.de\/wp-content\/uploads\/2015\/07\/BMBF.png\" width=\"78%\"><\/td>\n<td style=\"vertical-align: middle;\"><b>BMBF-FZ 03FH036I3:<\/b><br \/>\n<i>&#8220;NEUROKOGNITIVE AMFS: Neurokognitive Mess- und Simulationsumgebung zum Design auditorischer Mensch-Fahrzeug-Schnittstellen&#8221;<\/i><br \/>\n2013-2017<br \/>\nCoordinator: Prof. Strauss<\/td>\n<\/tr>\n<\/tbody>\n<\/table>\n<table style=\"width: 100%;\">\n<tbody>\n<tr>\n<td style=\"width: 22.5%; vertical-align: middle;\"><img decoding=\"async\" src=\"https:\/\/www.snnu.uni-saarland.de\/wp-content\/uploads\/2015\/07\/BMBF.png\" width=\"78%\"><\/td>\n<td style=\"vertical-align: middle;\"><b>BMBF-FZ 03FH004IN3 + Saarland:<\/b><br \/>\n<i>&#8220;MINDSCAN: Hochaufl\u00f6sender Neuromonitor zur Analyse von Aufmerksamkeitsprozessen und kognitiver Anstrengung in interaktiven virtuellen Umgebungen&#8221;<\/i><br \/>\n2013-2015<br \/>\nCoordinator: Prof. Strauss<\/td>\n<\/tr>\n<\/tbody>\n<\/table>\n<table style=\"width: 100%;\">\n<tbody>\n<tr>\n<td style=\"width: 22.5%; vertical-align: middle;\"><img decoding=\"async\" src=\"https:\/\/www.snnu.uni-saarland.de\/wp-content\/uploads\/2015\/07\/DFG.jpg\" width=\"78%\"><\/td>\n<td style=\"vertical-align: middle;\"><b>DFG-FZ STR 994\/1-1:<\/b><br \/>\n<i>&#8220;Anisotrope Analyse elektroenzephalografischer Korrelate der sensorischen und kognitiven Verarbeitung in Single-Sweeps&#8221;<\/i><br \/>\n2011-2015<br \/>\nTogether with Prof. G. Steidl, Felix Klein, Center for Mathematics, Coordinator Neuroscience: Prof. Strauss<\/td>\n<\/tr>\n<\/tbody>\n<\/table>\n<table style=\"width: 100%;\">\n<tbody>\n<tr>\n<td style=\"width: 22.5%; vertical-align: middle;\"><img decoding=\"async\" src=\"https:\/\/www.snnu.uni-saarland.de\/wp-content\/uploads\/2015\/07\/Saarland.jpg\" width=\"78%\"><\/td>\n<td style=\"vertical-align: middle;\">Landesforschungsf\u00f6rderungsprogramm der Saarlandes FZ: <b>D\/2-14.2.1.1-LFFP10\/35<\/b><br \/>\n<i>&#8220;Kognitive Neurodynamik der H\u00f6ranstrengung: Hirnfunktionelle Untersuchung und quantitative Modellierung&#8221;<\/i><br \/>\n2011-2015<br \/>\nCoordinator: Prof. Strauss<\/td>\n<\/tr>\n<\/tbody>\n<\/table>\n<table style=\"width: 100%;\">\n<tbody>\n<tr>\n<td style=\"width: 22.5%; vertical-align: middle;\"><img decoding=\"async\" src=\"https:\/\/www.snnu.uni-saarland.de\/wp-content\/uploads\/2015\/07\/BMBF.png\" width=\"78%\"><\/td>\n<td style=\"vertical-align: middle;\"><b>BMBF-FZ 17N1208:<\/b><br \/>\n<i>&#8220;Neue Paradigmen in der Einzelsweep-Signalverarbeitung evozierter Potenziale zur Realisierung selbstadaptierender elektrodiagnostischer Systeme&#8221;<\/i><br \/>\n2008-2011<br \/>\nCoordinator: Prof. Strauss<\/td>\n<\/tr>\n<\/tbody>\n<\/table>\n<p>Several industrial projects<\/p>\n","protected":false},"excerpt":{"rendered":"<p>Grant notices BMFTR-13HAW02PX4: &#8220;BIOSONIC-EARS: Ein &#8216;Neuronales Fossil&#8217; als direkte neuromuskul\u00e4re Schnittstelle zwischen Gehirn und H\u00f6rtechnologie&#8221; 2026-2029 Coordinator: Prof. Strauss BMBF-FZ13N17308: &#8220;Verbundprojekt: Integriertes neurotechnologisches Kamerasystem zum kontaktlosen Screening von virusbedingten Atemwegserkrankungen (VI-Screen-PRO)&#8221; 2025-2027 Coordinator Neurotechnology: Prof. Strauss BMBF-FZ03WIR5611A: &#8220;COGNIPANION: Neurotechnologisches Gesundheitsmonitoring<\/p>\n","protected":false},"author":2,"featured_media":0,"parent":0,"menu_order":0,"comment_status":"closed","ping_status":"closed","template":"","meta":{"footnotes":""},"class_list":["post-624","page","type-page","status-publish","hentry"],"_links":{"self":[{"href":"https:\/\/www.snnu.uni-saarland.de\/index.php?rest_route=\/wp\/v2\/pages\/624","targetHints":{"allow":["GET"]}}],"collection":[{"href":"https:\/\/www.snnu.uni-saarland.de\/index.php?rest_route=\/wp\/v2\/pages"}],"about":[{"href":"https:\/\/www.snnu.uni-saarland.de\/index.php?rest_route=\/wp\/v2\/types\/page"}],"author":[{"embeddable":true,"href":"https:\/\/www.snnu.uni-saarland.de\/index.php?rest_route=\/wp\/v2\/users\/2"}],"replies":[{"embeddable":true,"href":"https:\/\/www.snnu.uni-saarland.de\/index.php?rest_route=%2Fwp%2Fv2%2Fcomments&post=624"}],"version-history":[{"count":103,"href":"https:\/\/www.snnu.uni-saarland.de\/index.php?rest_route=\/wp\/v2\/pages\/624\/revisions"}],"predecessor-version":[{"id":2841,"href":"https:\/\/www.snnu.uni-saarland.de\/index.php?rest_route=\/wp\/v2\/pages\/624\/revisions\/2841"}],"wp:attachment":[{"href":"https:\/\/www.snnu.uni-saarland.de\/index.php?rest_route=%2Fwp%2Fv2%2Fmedia&parent=624"}],"curies":[{"name":"wp","href":"https:\/\/api.w.org\/{rel}","templated":true}]}}